{"id":2558,"date":"2024-10-23T15:25:12","date_gmt":"2024-10-23T13:25:12","guid":{"rendered":"https:\/\/woodbloc.de\/impressum\/"},"modified":"2026-01-19T13:31:34","modified_gmt":"2026-01-19T12:31:34","slug":"imprint","status":"publish","type":"page","link":"https:\/\/woodbloc.de\/en\/imprint\/","title":{"rendered":"Imprint"},"content":{"rendered":"\t\t<div data-elementor-type=\"wp-page\" data-elementor-id=\"2558\" class=\"elementor elementor-2558 elementor-74\" data-elementor-post-type=\"page\">\n\t\t\t\t<div class=\"elementor-element elementor-element-716f944 e-flex e-con-boxed e-con e-parent\" data-id=\"716f944\" data-element_type=\"container\" data-settings=\"{&quot;background_background&quot;:&quot;classic&quot;}\">\n\t\t\t\t\t<div class=\"e-con-inner\">\n\t\t\t\t<div class=\"elementor-element elementor-element-7de95be elementor-widget elementor-widget-text-editor\" data-id=\"7de95be\" data-element_type=\"widget\" data-widget_type=\"text-editor.default\">\n\t\t\t\t<div class=\"elementor-widget-container\">\n\t\t\t\t\t\t\t\t\t<div class=\"elementor elementor-261\" data-elementor-type=\"wp-page\" data-elementor-id=\"261\" data-elementor-post-type=\"page\">\n<div class=\"elementor-element elementor-element-b704b7e e-flex e-con-boxed e-con e-parent e-lazyloaded\" data-id=\"b704b7e\" data-element_type=\"container\">\n<div class=\"e-con-inner\">\n<div class=\"elementor-element elementor-element-64180a1 elementor-widget elementor-widget-text-editor\" data-id=\"64180a1\" data-element_type=\"widget\" data-widget_type=\"text-editor.default\">\n<div class=\"elementor-widget-container\">\n<p>Dieses Impressum ist auch g\u00fcltig f\u00fcr unsere Facebook Unternehmensseite, Linkedin sowie unseren Youtube-Kanal und unseren Instagram-Account.<\/p>\n<h1>IMPRESSUM<\/h1>\n<h2>Angaben gem\u00e4\u00df \u00a7 5 DDG (Digitale-Dienste-Gesetz):<\/h2>\n<p>Penzkofer Bau GmbH<br \/>Stra\u00dffeld 20<br \/>94209 Regen<\/p>\n<h2>Vertreten durch:<\/h2>\n<p>Alexander Penzkofer (gesch\u00e4ftsf\u00fchrender Gesellschafter), Alexander Hartl (Gesch\u00e4ftsf\u00fchrer)<\/p>\n<h2>Kontakt:<\/h2>\n<table>\n<tbody>\n<tr>\n<td>Telefon:<\/td>\n<td>+49 9921 8825-0<\/td>\n<\/tr>\n<tr>\n<td>Telefax:<\/td>\n<td>+49 9921 8825-290<\/td>\n<\/tr>\n<tr>\n<td>E-Mail:<\/td>\n<td>info@penzkofer.de<\/td>\n<\/tr>\n<\/tbody>\n<\/table>\n<h2>Registereintrag:<\/h2>\n<p>Eintragung im Handelsregister.<br \/>Registergericht: Deggendorf<br \/>Registernummer: HRB 3242<\/p>\n<h2>Umsatzsteuer-ID:<\/h2>\n<p>Umsatzsteuer-Identifikationsnummer gem\u00e4\u00df \u00a727 a Umsatzsteuergesetz:<br \/>DE270426423<\/p>\n<h2>Hinweis auf EU-Streitschlichtung<\/h2>\n<p>Die Europ\u00e4ische Kommission stellt eine Plattform zur Online-Streitbeilegung (OS) bereit:\u00a0<a href=\"http:\/\/ec.europa.eu\/consumers\/odr\">http:\/\/ec.europa.eu\/consumers\/odr<\/a><br \/>Unsere E-Mail-Adresse finden sie oben im Impressum.<\/p>\n<p>Quelle:\u00a0<em><a href=\"https:\/\/www.e-recht24.de\/impressum-generator.html\">https:\/\/www.e-recht24.de<\/a><\/em><\/p>\n<h2>Fotos:<\/h2>\n<p>Susanne Ebner\/Presseb\u00fcro Thexterei, Wilhelm Loibl, Benjamin Kurz, Schlagmann Poroton, Musikhotel Tonihof, Hotel Hofbr\u00e4uhaus, Stephanie Resimius, Redbloc Elemente GmbH, Geiger-Keim, Heinrich Zens, Sandra Kaiser, Robert K\u00f6nig, Fotostudio SX Heuser, Wellnesshotel St. Florian, Hans Vogl, Mittelstands-Union Bayern, Johannes Fuchs, German Popp, KfW, Johannes Drexler, Johanna Lorenz, Herbert Stolz, Michael Kramh\u00f6ller, Eva Bernheim, Michael Schuhmann, Thilo Haerdtlein\/Reps Pools, Miriam Lange, istock\/gpointstudio, fotolia\/Karin und Uwe Annas, Fotogestoeber, drubig-photo, destina, contrastwerkstatt, Artur Marciniec, goodluz, Bacho Foto, Westend61, stockwerk, grafikplusfoto, Rainer Taepper, Antonioguillem, CandyBoxImages, Claudia Winter, Johannes B\u00e4umel, Marco Felgenhauer\/Hotel Bergknappenhof, Marco Begerl, Matthias Plettl, Roman M\u00fcller, Das Bieringer, Adobe Stock\/Nishihama, Adobe Stock\/Georg Dolg<\/p>\n<h2>Texte &amp; Umsetzung der Website:<\/h2>\n<p>Susanne Ebner, PRESSEB\u00dcRO THEXTEREI, Bischofsmais,\u00a0<a href=\"https:\/\/www.thexterei.de\/\">www.thexterei.de<\/a><br \/><a class=\"thexterei_signet\" href=\"https:\/\/www.thexterei.de\/\" target=\"_blank\" rel=\"noopener\"><img decoding=\"async\" class=\"alignnone wp-image-2000\" src=\"https:\/\/www.penzkofer-bau.de\/wp-content\/uploads\/2021\/05\/signet-thexterei.svg\" alt=\"Presseb\u00fcro Thexterei\" width=\"120\" \/><\/a><\/p>\n<h2>Haftungsausschluss (Disclaimer)<\/h2>\n<p><strong>Haftung f\u00fcr Inhalte<\/strong><\/p>\n<p>Als Diensteanbieter sind wir gem\u00e4\u00df \u00a7 7 Abs.1 TMG f\u00fcr eigene Inhalte auf diesen Seiten nach den allgemeinen Gesetzen verantwortlich. Nach \u00a7\u00a7 8 bis 10 TMG sind wir als Diensteanbieter jedoch nicht verpflichtet, \u00fcbermittelte oder gespeicherte fremde Informationen zu \u00fcberwachen oder nach Umst\u00e4nden zu forschen, die auf eine rechtswidrige T\u00e4tigkeit hinweisen. Verpflichtungen zur Entfernung oder Sperrung der Nutzung von Informationen nach den allgemeinen Gesetzen bleiben hiervon unber\u00fchrt. Eine diesbez\u00fcgliche Haftung ist jedoch erst ab dem Zeitpunkt der Kenntnis einer konkreten Rechtsverletzung m\u00f6glich. Bei Bekanntwerden von entsprechenden Rechtsverletzungen werden wir diese Inhalte umgehend entfernen.<\/p>\n<p><strong>Haftung f\u00fcr Links<\/strong><\/p>\n<p>Unser Angebot enth\u00e4lt Links zu externen Webseiten Dritter, auf deren Inhalte wir keinen Einfluss haben. Deshalb k\u00f6nnen wir f\u00fcr diese fremden Inhalte auch keine Gew\u00e4hr \u00fcbernehmen. F\u00fcr die Inhalte der verlinkten Seiten ist stets der jeweilige Anbieter oder Betreiber der Seiten verantwortlich. Die verlinkten Seiten wurden zum Zeitpunkt der Verlinkung auf m\u00f6gliche Rechtsverst\u00f6\u00dfe \u00fcberpr\u00fcft. Rechtswidrige Inhalte waren zum Zeitpunkt der Verlinkung nicht erkennbar. Eine permanente inhaltliche Kontrolle der verlinkten Seiten ist jedoch ohne konkrete Anhaltspunkte einer Rechtsverletzung nicht zumutbar. Bei Bekanntwerden von Rechtsverletzungen werden wir derartige Links umgehend entfernen.<\/p>\n<p><strong>Urheberrecht<\/strong><\/p>\n<p>Die durch die Seitenbetreiber erstellten Inhalte und Werke auf diesen Seiten unterliegen dem deutschen Urheberrecht. Die Vervielf\u00e4ltigung, Bearbeitung, Verbreitung und jede Art der Verwertung au\u00dferhalb der Grenzen des Urheberrechtes bed\u00fcrfen der schriftlichen Zustimmung des jeweiligen Autors bzw. Erstellers. Downloads und Kopien dieser Seite sind nur f\u00fcr den privaten, nicht kommerziellen Gebrauch gestattet. Soweit die Inhalte auf dieser Seite nicht vom Betreiber erstellt wurden, werden die Urheberrechte Dritter beachtet. Insbesondere werden Inhalte Dritter als solche gekennzeichnet. Sollten Sie trotzdem auf eine Urheberrechtsverletzung aufmerksam werden, bitten wir um einen entsprechenden Hinweis. Bei Bekanntwerden von Rechtsverletzungen werden wir derartige Inhalte umgehend entfernen.<\/p>\n<\/div>\n<\/div>\n<\/div>\n<\/div>\n<\/div>\n<div class=\"elementor elementor-282 elementor-location-footer\" data-elementor-type=\"footer\" data-elementor-id=\"282\" data-elementor-post-type=\"elementor_library\">\n<div class=\"elementor-element elementor-element-d9ee4cd e-con-full e-flex e-con e-parent e-lazyloaded\" data-id=\"d9ee4cd\" data-element_type=\"container\" data-settings=\"{&quot;background_background&quot;:&quot;classic&quot;}\">\n<div class=\"elementor-element elementor-element-9e86b38 e-con-full e-flex e-con e-parent e-lazyloaded\" data-id=\"9e86b38\" data-element_type=\"container\">\n<div class=\"elementor-element elementor-element-c3b104d elementor-nav-menu--dropdown-none elementor-widget elementor-widget-nav-menu\" style=\"box-sizing: border-box; --flex-direction: initial; --flex-wrap: initial; --justify-content: initial; --align-items: initial; --align-content: initial; --gap: initial; --flex-basis: initial; --flex-grow: initial; --flex-shrink: initial; --order: initial; --align-self: initial; flex-basis: var(--flex-basis); flex-grow: var(--flex-grow); flex-shrink: var(--flex-shrink); order: var(--order); align-self: var(--align-self); flex-direction: var(--flex-direction); flex-wrap: var(--flex-wrap); justify-content: var(--justify-content); align-items: var(--align-items); align-content: var(--align-content); gap: var(--gap); position: relative; --widgets-spacing: 20px 20px; --swiper-theme-color: #000; --swiper-navigation-size: 44px; --swiper-pagination-bullet-size: 6px; --swiper-pagination-bullet-horizontal-gap: 6px; --e-nav-menu-divider-color: var( --e-global-color-text ); min-width: 0px; margin-block-end: 0px; --e-nav-menu-horizontal-menu-item-margin: calc( 30px \/ 2 ); max-width: 100%;\" data-id=\"c3b104d\" data-element_type=\"widget\" data-settings=\"{&quot;layout&quot;:&quot;horizontal&quot;,&quot;submenu_icon&quot;:{&quot;value&quot;:&quot;&lt;i class=\\&quot;fas fa-caret-down\\&quot;&gt;&lt;p&gt;&lt;\\\/i&gt;&quot;,&quot;library&quot;:&quot;fa-solid&quot;}}\" data-widget_type=\"nav-menu.default\">\n<div class=\"elementor-widget-container\"><nav class=\"elementor-nav-menu--main elementor-nav-menu__container elementor-nav-menu--layout-horizontal e--pointer-underline e--animation-fade\" aria-label=\"Men\u00fc\">\n<ul id=\"menu-1-c3b104d\" class=\"elementor-nav-menu\" data-smartmenus-id=\"17304776045294143\">\n<li class=\"menu-item menu-item-type-post_type menu-item-object-page menu-item-266\"><a class=\"elementor-item\" href=\"https:\/\/woodbloc.de\/datenschutz\/\">Datenschutz<\/a><\/li>\n<li class=\"menu-item menu-item-type-post_type menu-item-object-page current-menu-item page_item page-item-261 current_page_item menu-item-267\"><a class=\"elementor-item elementor-item-active\" href=\"https:\/\/woodbloc.de\/impressum\/\" aria-current=\"page\">Impressum<\/a><\/li>\n<\/ul>\n<\/nav><\/div>\n<\/div>\n<\/div>\n<\/div>\n<\/div>\t\t\t\t\t\t\t\t<\/div>\n\t\t\t\t<\/div>\n\t\t\t\t\t<\/div>\n\t\t\t\t<\/div>\n\t\t\t\t<\/div>\n\t\t","protected":false},"excerpt":{"rendered":"<p>Dieses Impressum ist auch g\u00fcltig f\u00fcr unsere Facebook Unternehmensseite, Linkedin sowie unseren Youtube-Kanal und unseren Instagram-Account. IMPRESSUM Angaben gem\u00e4\u00df \u00a7 5 DDG (Digitale-Dienste-Gesetz): Penzkofer Bau GmbHStra\u00dffeld 2094209 Regen Vertreten durch: Alexander Penzkofer (gesch\u00e4ftsf\u00fchrender Gesellschafter), Alexander Hartl (Gesch\u00e4ftsf\u00fchrer) Kontakt: Telefon: +49 9921 8825-0 Telefax: +49 9921 8825-290 E-Mail: info@penzkofer.de Registereintrag: Eintragung im Handelsregister.Registergericht: DeggendorfRegisternummer: HRB 3242 [&hellip;]<\/p>\n","protected":false},"author":1,"featured_media":0,"parent":0,"menu_order":0,"comment_status":"closed","ping_status":"closed","template":"elementor_header_footer","meta":{"inline_featured_image":false,"footnotes":""},"class_list":["post-2558","page","type-page","status-publish","hentry"],"_links":{"self":[{"href":"https:\/\/woodbloc.de\/en\/wp-json\/wp\/v2\/pages\/2558","targetHints":{"allow":["GET"]}}],"collection":[{"href":"https:\/\/woodbloc.de\/en\/wp-json\/wp\/v2\/pages"}],"about":[{"href":"https:\/\/woodbloc.de\/en\/wp-json\/wp\/v2\/types\/page"}],"author":[{"embeddable":true,"href":"https:\/\/woodbloc.de\/en\/wp-json\/wp\/v2\/users\/1"}],"replies":[{"embeddable":true,"href":"https:\/\/woodbloc.de\/en\/wp-json\/wp\/v2\/comments?post=2558"}],"version-history":[{"count":5,"href":"https:\/\/woodbloc.de\/en\/wp-json\/wp\/v2\/pages\/2558\/revisions"}],"predecessor-version":[{"id":2609,"href":"https:\/\/woodbloc.de\/en\/wp-json\/wp\/v2\/pages\/2558\/revisions\/2609"}],"wp:attachment":[{"href":"https:\/\/woodbloc.de\/en\/wp-json\/wp\/v2\/media?parent=2558"}],"curies":[{"name":"wp","href":"https:\/\/api.w.org\/{rel}","templated":true}]}}